{"id":1701,"date":"2013-02-06T13:48:53","date_gmt":"2013-02-06T11:48:53","guid":{"rendered":"http:\/\/hamburg.school-of-english.de\/pages\/?page_id=1701"},"modified":"2025-11-11T13:18:59","modified_gmt":"2025-11-11T11:18:59","slug":"englisch-fuer-schueler","status":"publish","type":"page","link":"https:\/\/hamburg.school-of-english.de\/pages\/kurse\/englisch-fuer-schueler\/","title":{"rendered":"Englisch f\u00fcr Sch\u00fcler"},"content":{"rendered":"<p><img loading=\"lazy\" decoding=\"async\" class=\"alignleft size-full wp-image-3079\" style=\"margin-top: -5px; margin-bottom: 25px;\" src=\"http:\/\/hamburg.school-of-english.de\/pages\/wp-content\/uploads\/Englisch-fuer-Schueler-HSE.jpg\" alt=\"Englisch-fuer-Schueler-HSE\" width=\"776\" height=\"110\" srcset=\"https:\/\/hamburg.school-of-english.de\/pages\/wp-content\/uploads\/Englisch-fuer-Schueler-HSE.jpg 776w, https:\/\/hamburg.school-of-english.de\/pages\/wp-content\/uploads\/Englisch-fuer-Schueler-HSE-300x42.jpg 300w\" sizes=\"auto, (max-width: 776px) 100vw, 776px\" \/>\n<style type=\"text\/css\">#dropcap-counter-1.g1-dropcap.g1-type-simple,\n#dropcap-counter-1.g1-dropcap.g1-type-square {\ncolor: #072b79;\n}\n<\/style>\n<span id=\"dropcap-counter-1\" class=\"g1-dropcap g1-type-simple\" ><span>I<\/span><\/span>m Englischunterricht in der Schule wird h\u00e4ufig <em>\u00fcber<\/em> Englisch gesprochen, doch die Anwendung der Sprache kommt oft zu kurz. Viele Sch\u00fclerinnen und Sch\u00fcler hemmt die Unsicherheit \u00fcber die korrekte Aussprache oder die richtige grammatische Form. Eine gute Alternative dazu sind die Sch\u00fclerkurse der HAMBURG SCHOOL OF ENGLISH.<\/p>\n<p>Unser Team von erfahrenen, muttersprachlichen Trainern hilft den Sch\u00fclerinnen und Sch\u00fclern, Sprechhemmungen abzubauen, ihren Wortschatz zu erweitern und im freien Gespr\u00e4ch Meinungen zu unterschiedlichen Themen auszutauschen. Die Wiederholung und Festigung der Grammatik wird in lebendiger und praxisnaher Weise in das Training\u00a0 eingebunden.<\/p>\n<p>In den intensiven Sch\u00fclerferienkursen wird mit vielen M\u00f6glichkeiten zum freien Sprechen die Grammatik aufgefrischt und die Lust an der englischen Sprache geweckt. Zur Vorbereitung auf das Cambridge First Certificate bieten wir einen Abendkurs an, der w\u00e4hrend der Schulzeit einmal pro Woche stattfindet.<\/p>\n<div id=\"tabs-counter-1\" class=\"g1-tabs g1-type-simple g1-layout-horizontal g1-tabs-top g1-align-left\">\n<div id=\"tab-title-counter-1\" class=\"g1-tab-title\">Sch\u00fclerferienkurs<\/div>\n<div id=\"tab-content-counter-1\" class=\"g1-tab-content\">\n<h5>Dem Englisch auf die Spr\u00fcnge helfen \u2013 in den Ferien<\/h5>\n<p>Regelm\u00e4\u00dfig bieten wir in den Hamburger Schulferien einw\u00f6chige Ferienkurse f\u00fcr Teenager zwischen 15 und 17 Jahren (ca. 10. Klasse). Der Kurs findet t\u00e4glich von 10:30-14:00 Uhr mit maximal acht Teilnehmer:innen statt und kostet \u20ac350. Bitte melden Sie sich telefonisch bei uns, um die n\u00e4chsten Termine zu erfragen, Ihren Teenager anzumelden und einen Einstufungstermin zu vereinbaren: 040-4802119.<\/p>\n<table style=\"margin: 0 auto 20px; width: 100%;\">\n<tbody>\n<tr>\n<th><\/th>\n<th>Sch\u00fclerferienkurs<\/th>\n<\/tr>\n<tr>\n<td>Dauer<\/td>\n<td>eine Woche<\/td>\n<\/tr>\n<tr>\n<td>Termine<\/td>\n<td>Bei Interesse melden Sie sich bitte im Schulb\u00fcro unter <span class=\"tel_no_in_box\">040\/ 480 21 19<\/span> oder unter <a href=\"&#109;&#x61;i&#108;&#x74;&#111;&#x3a;i&#110;&#x66;o&#x40;&#x68;&#97;&#x6d;b&#117;&#x72;g&#x2e;&#x73;&#99;&#x68;o&#111;&#x6c;&#45;&#x6f;f&#45;&#x65;n&#103;&#x6c;&#105;&#x73;h&#46;&#x64;e\">&#x69;&#x6e;&#x66;&#x6f;&#x40;&#x68;&#x61;&#x6d;&#x62;&#x75;&#x72;&#x67;&#x2e;&#x73;&#x63;&#x68;&#x6f;&#x6f;&#x6c;&#x2d;&#x6f;&#x66;&#x2d;&#x65;&#x6e;&#x67;&#x6c;&#x69;&#x73;&#x68;&#x2e;&#x64;&#x65;<\/a><\/td>\n<\/tr>\n<tr>\n<td>Teilnehmerzahl<\/td>\n<td>ab 2 bis 8 Teilnehmer:innen<\/td>\n<\/tr>\n<tr>\n<td>Zeit<\/td>\n<td>Mo \u2013 Fr 10:30-14:00 Uhr \/ (08:45-12:00 Uhr auch m\u00f6glich)<\/td>\n<\/tr>\n<tr>\n<td>Unterrichtseinheiten von 45 min<\/td>\n<td>20<\/td>\n<\/tr>\n<tr>\n<td>Preis pro Teilnehmer<\/td>\n<td>\u20ac350<\/td>\n<\/tr>\n<tr>\n<td>Kurstermine<\/td>\n<td>\n<ul>\n<li>\u00a0 M\u00e4rzferien:\n<ul>\n<li style=\"list-style-type: none;\">\n<ul>\n<li>\u00a002.03. \u2013 06.03.26<\/li>\n<li>09.03. \u2013 13.03.26<\/li>\n<\/ul>\n<\/li>\n<\/ul>\n<\/li>\n<li>\u00a0 Pfingstferien:\n<ul>\n<li style=\"list-style-type: none;\">\n<ul>\n<li>\u00a011.05.\u2013 15.05.26<\/li>\n<\/ul>\n<\/li>\n<\/ul>\n<\/li>\n<li>\u00a0 Sommerferien:\n<ul>\n<li style=\"list-style-type: none;\">\n<ul>\n<li>13.07. &#8211; 17.07.26<\/li>\n<li>20.07. &#8211; 24.07.26<\/li>\n<li>27.07. &#8211; 31.07.26<\/li>\n<li>03.08. &#8211; 07.08.26<\/li>\n<li>10.08. &#8211; 14.08.26<\/li>\n<\/ul>\n<\/li>\n<\/ul>\n<\/li>\n<li>\u00a0 Herbstferien:\n<ul>\n<li style=\"list-style-type: none;\">\n<ul>\n<li>19,10, . 23.10.26<\/li>\n<li>26.10. &#8211; 30.10.26<\/li>\n<\/ul>\n<\/li>\n<\/ul>\n<\/li>\n<\/ul>\n<\/td>\n<\/tr>\n<\/tbody>\n<\/table>\n<p>[\/two_third]<\/p>\n<ul class=\"g1-grid\"><li class=\"g1-column g1-one-third g1-valign-top\"><br \/>\n\n<style type=\"text\/css\" scoped=\"scoped\">#button-counter-1.g1-button {\nbackground-color: #002067;\n}\n#button-counter-1.g1-button > span > span {\nbackground-color: #072b79;\nfilter: progid:DXImageTransform.Microsoft.gradient(GradientType=0, startColorstr=#0041cd, endColorstr=#ff072b79);\n-ms-filter: \"progid:DXImageTransform.Microsoft.gradient (GradientType=0, startColorstr=#0041cd, endColorstr=#072b79)\";\nbackground-image: -webkit-gradient(linear, 0% 0%, 0% 100%, from(#0041cd), to(#072b79));\nbackground-image: -webkit-linear-gradient(top, #0041cd, #072b79);\nbackground-image:    -moz-linear-gradient(top, #0041cd, #072b79);\nbackground-image:     -ms-linear-gradient(top, #0041cd, #072b79);\nbackground-image:      -o-linear-gradient(top, #0041cd, #072b79);\nbackground-image:         linear-gradient(top, #0041cd, #072b79);\n}\n#button-counter-1.g1-button:hover > span > span {\nfilter: progid:DXImageTransform.Microsoft.gradient(GradientType=0, startColorstr=#072b79, endColorstr=#ff0041cd);\n-ms-filter: \"progid:DXImageTransform.Microsoft.gradient (GradientType=0, startColorstr=#072b79, endColorstr=#0041cd)\";\nbackground-image: -webkit-gradient(linear, 0% 0%, 0% 200%, from(#072b79), to(#0041cd));\nbackground-image: -webkit-linear-gradient(top, #072b79 0%, #0041cd 200%);\nbackground-image:    -moz-linear-gradient(top, #072b79 0%, #0041cd 200%);\nbackground-image:     -ms-linear-gradient(top, #072b79 0%, #0041cd 200%);\nbackground-image:      -o-linear-gradient(top, #072b79 0%, #0041cd 200%);\nbackground-image:         linear-gradient(top, #072b79 0%, #0041cd 200%);\n}\n<\/style>\n<a id=\"button-counter-1\" class=\"g1-button g1-small g1-simple\" href=\"http:\/\/hamburg.school-of-english.de\/pages\/ressourcen\/anmeldeformulare\/?form=5\" ><span><span>Online-Anmeldung<\/span><\/span><\/a><br \/>\n<\/li><!-- --><\/ul>\n<span class=\"g1-space\" style=\"height: 20px;\"><\/span>\n<\/div>\n<div id=\"tabs-counter-2\" class=\"g1-tabs g1-type-simple g1-layout-horizontal g1-tabs-top g1-align-right\"><\/div>\n<div id=\"tab-title-counter-2\" class=\"g1-tab-title\">FCE-Gruppe f\u00fcr Teenager<\/div>\n<div id=\"tab-content-counter-2\" class=\"g1-tab-content\">\n<h5>Cambridge-Pr\u00fcfungsvorbereitung (FCE) ab 14 Jahren<\/h5>\n<p>Einmal pro Woche bereiten wir Teenager ab 14 Jahren in einer Gruppe mit maximal sechs Personen auf die Cambridge FCE-Pr\u00fcfung (First Certificate Exam) vor. Der Kurs l\u00e4uft \u00fcber 16 Termine \u00e0 90 min und kostet f\u00fcr vier Monate \u20ac80 \/ Monat. Bei Fragen melden Sie sich bitte jederzeit gern bei uns unter: <span class=\"tel_no_in_box\">040-4802119<\/span>.<\/p>\n<table style=\"margin: 0 auto 20px; width: 100%;\">\n<tbody>\n<tr>\n<th><\/th>\n<th>FCE-Gruppe f\u00fcr Teenager<\/th>\n<\/tr>\n<tr>\n<td>Dauer<\/td>\n<td>mindestens 16 Termine<\/td>\n<\/tr>\n<tr>\n<td>Starttermine<\/td>\n<td>jederzeit<\/td>\n<\/tr>\n<tr>\n<td>Teilnehmerzahl<\/td>\n<td>4-6 Teilnehmer:innen*<\/td>\n<\/tr>\n<tr>\n<td>Zeit<\/td>\n<td>Mi. 17.40 &#8211; 19.10 Uhr<\/td>\n<\/tr>\n<tr>\n<td>Unterrichtseinheiten von 45 min<\/td>\n<td>ab 32<\/td>\n<\/tr>\n<tr>\n<td>Preis pro Teilnehmer<\/td>\n<td>\u20ac320\u00a0 gesamt (\u20ac10 pro 45 min)<\/td>\n<\/tr>\n<\/tbody>\n<\/table>\n<\/div>\n<\/div>\n","protected":false},"excerpt":{"rendered":"<p>m Englischunterricht in der Schule wird h\u00e4ufig \u00fcber Englisch gesprochen, doch die Anwendung der Sprache kommt oft zu kurz. Viele Sch\u00fclerinnen und Sch\u00fcler hemmt die Unsicherheit \u00fcber die korrekte Aussprache oder die richtige grammatische Form. Eine gute Alternative dazu sind die Sch\u00fclerkurse der HAMBURG SCHOOL OF ENGLISH. Unser Team von erfahrenen, muttersprachlichen Trainern hilft den [&hellip;]<\/p>\n","protected":false},"author":6,"featured_media":0,"parent":33,"menu_order":40,"comment_status":"closed","ping_status":"closed","template":"g1_template_page_nav_left.php","meta":{"footnotes":""},"class_list":["post-1701","page","type-page","status-publish","hentry"],"aioseo_notices":[],"_links":{"self":[{"href":"https:\/\/hamburg.school-of-english.de\/pages\/wp-json\/wp\/v2\/pages\/1701","targetHints":{"allow":["GET"]}}],"collection":[{"href":"https:\/\/hamburg.school-of-english.de\/pages\/wp-json\/wp\/v2\/pages"}],"about":[{"href":"https:\/\/hamburg.school-of-english.de\/pages\/wp-json\/wp\/v2\/types\/page"}],"author":[{"embeddable":true,"href":"https:\/\/hamburg.school-of-english.de\/pages\/wp-json\/wp\/v2\/users\/6"}],"replies":[{"embeddable":true,"href":"https:\/\/hamburg.school-of-english.de\/pages\/wp-json\/wp\/v2\/comments?post=1701"}],"version-history":[{"count":72,"href":"https:\/\/hamburg.school-of-english.de\/pages\/wp-json\/wp\/v2\/pages\/1701\/revisions"}],"predecessor-version":[{"id":5987,"href":"https:\/\/hamburg.school-of-english.de\/pages\/wp-json\/wp\/v2\/pages\/1701\/revisions\/5987"}],"up":[{"embeddable":true,"href":"https:\/\/hamburg.school-of-english.de\/pages\/wp-json\/wp\/v2\/pages\/33"}],"wp:attachment":[{"href":"https:\/\/hamburg.school-of-english.de\/pages\/wp-json\/wp\/v2\/media?parent=1701"}],"curies":[{"name":"wp","href":"https:\/\/api.w.org\/{rel}","templated":true}]}}